{"id":14,"date":"2025-05-07T19:26:46","date_gmt":"2025-05-07T19:26:46","guid":{"rendered":"https:\/\/richard-neuwirth.at\/?page_id=14"},"modified":"2026-01-24T11:23:25","modified_gmt":"2026-01-24T11:23:25","slug":"startseite","status":"publish","type":"page","link":"https:\/\/richard-neuwirth.at\/?page_id=14","title":{"rendered":"\u00dcber mich"},"content":{"rendered":"\n<div class=\"wp-block-media-text alignfull has-media-on-the-right is-stacked-on-mobile has-contrast-color has-base-background-color has-text-color has-background has-link-color wp-elements-a7e8c30ebb15125b3b356c42b63eae52\" style=\"grid-template-columns:auto 15%\"><div class=\"wp-block-media-text__content\">\n<p><\/p>\n\n\n\n<div class=\"wp-block-columns is-layout-flex wp-container-core-columns-is-layout-9d6595d7 wp-block-columns-is-layout-flex\">\n<div class=\"wp-block-column is-layout-flow wp-block-column-is-layout-flow\" style=\"flex-basis:66.66%\">\n<p class=\"is-style-default\">Nach beruflichen Stationen innerhalb der Casinos Austria AG, wo ich mich mit spezifischen rechtlichen Themen sowie mit Qualit\u00e4ts- und Prozessmanagement besch\u00e4ftigte, \u00fcbernahm ich u.a. die Funktion des CISO der Casinos Austria und \u00d6sterreichischen Lotterien Gruppe.<\/p>\n\n\n\n<p>Bei MediaMarkt \u00d6sterreich sammelte ich als Legal Counsel, Compliance Officer, Data Protection Officer und Information Security Officer weitere \u00e4u\u00dferst wertvolle Erfahrungen.<\/p>\n<\/div>\n\n\n\n<div class=\"wp-block-column is-style-section-1 is-layout-flow wp-block-column-is-layout-flow\" style=\"flex-basis:33.33%\">\n<figure class=\"wp-block-image size-thumbnail\"><img loading=\"lazy\" decoding=\"async\" width=\"200\" height=\"200\" src=\"https:\/\/richard-neuwirth.at\/wp-content\/uploads\/2025\/05\/cropped-Foto-Richard-200x200.jpg\" alt=\"\" class=\"wp-image-9\"\/><\/figure>\n<\/div>\n<\/div>\n\n\n\n<div class=\"wp-block-group is-vertical is-content-justification-left is-layout-flex wp-container-core-group-is-layout-c0ca7d81 wp-block-group-is-layout-flex\">\n<p>Als Information Security Governance Manager in der Konzern Informationssicherheit der \u00d6BB befasse ich mich mit der &#8222;\u00dcbersetzung&#8220; regulativer Anforderungen an die Informationssicherheit (insb. NIS, CRA, AIA etc.) &#8211; und damit dem eher neuen Fachgebiet des Informationssicherheitsrechts. <\/p>\n\n\n\n<p>Immer wieder wirk(t)e ich an Veranstaltungen mit, wie beispielsweise von ARS Akademie, Business Circle (PriSec), imh GmbH oder dem <a href=\"https:\/\/id.univie.ac.at\/news-und-events\/detailansicht-news-und-events\/news\/nachbericht-forum-datenrecht-recht-und-cybersicherheit-gemeinsam-die-digitale-resilienz-staerke\/\" target=\"_blank\" rel=\"noreferrer noopener\">Forum Datenrecht<\/a> der Universit\u00e4t Wien.<\/p>\n\n\n\n<p><strong>Publikationen<\/strong><\/p>\n\n\n\n<ul class=\"wp-block-list\">\n<li><em>Konzerninterne Dienstleister als \u201eEinrichtungen\u201c im Sinne der NIS-2 Richtlinie?<\/em>, ecolex 2024\/115, 14.02.2024.<\/li>\n\n\n\n<li><em>Vom \u201ewesentlichen Dienst\u201c zur \u201ewesentlichen\u201c beziehungsweise \u201ewichtigen\u201c Einrichtung \u2013 und weitere ausgew\u00e4hlte Aspekte zur NIS-2-Richtlinie<\/em>, jusIT 2024\/2, 29.02.2024.<\/li>\n<\/ul>\n\n\n\n<p><strong>Ausbildung und Studien<\/strong><\/p>\n\n\n\n<ul class=\"wp-block-list\">\n<li>Wirtschaftsingenieurwesen &#8211; HTL M\u00f6dling<\/li>\n\n\n\n<li>Rechtswissenschaften &#8211; Universit\u00e4t Wien &amp; JKU Linz<\/li>\n\n\n\n<li>Wirtschaftsrecht &#8211; WU Wien<\/li>\n\n\n\n<li>Soziologie &#8211; Universit\u00e4t Wien<\/li>\n<\/ul>\n\n\n\n<p><strong>Weiterbildungen<\/strong><\/p>\n\n\n\n<ul class=\"wp-block-list\">\n<li>Accredited NIS-Expert (2025) &#8211; incite Akademie der UBIT<\/li>\n\n\n\n<li>Certified AI Compliance Officer (2024) &#8211; Institut f\u00fcr interne Revision<\/li>\n\n\n\n<li>CRISC (Certified in Risk and Information System Controls) (2022) &#8211; ISACA<\/li>\n\n\n\n<li>ISMS-Manager und -Auditor nach ISO 27001 (2019, 2022) &#8211; T\u00dcV Akademie<\/li>\n\n\n\n<li>Compliance Officer (2021) &#8211; Austrian Standards*<\/li>\n\n\n\n<li>Datenschutzbeauftragter (2020) &#8211; T\u00dcV Akademie*<\/li>\n\n\n\n<li>Process Manager (2017, 2020) &#8211; WIFI \u00d6sterreich*<\/li>\n\n\n\n<li>Qualit\u00e4tsbeauftragter (2016, 2021) &#8211; T\u00dcV Akademie<\/li>\n<\/ul>\n\n\n\n<p><em>Jahreszahlen in der Klammer geben Erst- und Re-Zertifizierungen an.<\/em><\/p>\n\n\n\n<p><em>*Zertifikat nicht mehr aufrecht.<\/em> <\/p>\n<\/div>\n<\/div><figure class=\"wp-block-media-text__media\"><\/figure><\/div>\n\n\n\n<div class=\"wp-block-group is-vertical is-layout-flex wp-container-core-group-is-layout-68afab4e wp-block-group-is-layout-flex\"><\/div>\n\n\n\n<p><\/p>\n","protected":false},"excerpt":{"rendered":"","protected":false},"author":1,"featured_media":0,"parent":0,"menu_order":0,"comment_status":"closed","ping_status":"closed","template":"","meta":{"footnotes":""},"class_list":["post-14","page","type-page","status-publish","hentry"],"_links":{"self":[{"href":"https:\/\/richard-neuwirth.at\/index.php?rest_route=\/wp\/v2\/pages\/14","targetHints":{"allow":["GET"]}}],"collection":[{"href":"https:\/\/richard-neuwirth.at\/index.php?rest_route=\/wp\/v2\/pages"}],"about":[{"href":"https:\/\/richard-neuwirth.at\/index.php?rest_route=\/wp\/v2\/types\/page"}],"author":[{"embeddable":true,"href":"https:\/\/richard-neuwirth.at\/index.php?rest_route=\/wp\/v2\/users\/1"}],"replies":[{"embeddable":true,"href":"https:\/\/richard-neuwirth.at\/index.php?rest_route=%2Fwp%2Fv2%2Fcomments&post=14"}],"version-history":[{"count":11,"href":"https:\/\/richard-neuwirth.at\/index.php?rest_route=\/wp\/v2\/pages\/14\/revisions"}],"predecessor-version":[{"id":68,"href":"https:\/\/richard-neuwirth.at\/index.php?rest_route=\/wp\/v2\/pages\/14\/revisions\/68"}],"wp:attachment":[{"href":"https:\/\/richard-neuwirth.at\/index.php?rest_route=%2Fwp%2Fv2%2Fmedia&parent=14"}],"curies":[{"name":"wp","href":"https:\/\/api.w.org\/{rel}","templated":true}]}}