{"id":46,"date":"2025-05-15T20:53:15","date_gmt":"2025-05-15T20:53:15","guid":{"rendered":"https:\/\/richard-neuwirth.at\/?page_id=46"},"modified":"2025-05-24T10:14:39","modified_gmt":"2025-05-24T10:14:39","slug":"schwerpunkte","status":"publish","type":"page","link":"https:\/\/richard-neuwirth.at\/","title":{"rendered":"Schwerpunkte"},"content":{"rendered":"\n<p>Gerne unterst\u00fctze ich bei der Einf\u00fchrung, Aufrechterhaltung und Verbesserung von Managementsystemen insb. im Zusammenhang mit Informationssicherheits- und Datenschutzmanagement, Qualit\u00e4ts- und Prozessmanagement. Hier kann flexibel auch punktuell unterst\u00fctzt werden, beispielsweise bei Schulungen der Mitarbeiter:innen oder F\u00fchrungskr\u00e4fte, interne Audits, Gap Analysen, Risikoanalysen etc. <\/p>\n\n\n\n<p>Mehr \u00fcber mich finden Sie unter <a href=\"https:\/\/richard-neuwirth.at\/?page_id=14\" data-type=\"page\" data-id=\"14\">\u00dcber mich<\/a>.<\/p>\n","protected":false},"excerpt":{"rendered":"<p>Gerne unterst\u00fctze ich bei der Einf\u00fchrung, Aufrechterhaltung und Verbesserung von Managementsystemen insb. im Zusammenhang mit Informationssicherheits- und Datenschutzmanagement, Qualit\u00e4ts- und Prozessmanagement. Hier kann flexibel auch punktuell unterst\u00fctzt werden, beispielsweise bei&hellip;<a href=\"https:\/\/richard-neuwirth.at\/\" class=\"more-link\"><span class=\"more-button\">Continue reading<span class=\"screen-reader-text\">Schwerpunkte<\/span><\/span><\/a><\/p>\n","protected":false},"author":1,"featured_media":0,"parent":0,"menu_order":0,"comment_status":"closed","ping_status":"closed","template":"","meta":{"footnotes":""},"class_list":["post-46","page","type-page","status-publish","hentry"],"_links":{"self":[{"href":"https:\/\/richard-neuwirth.at\/index.php?rest_route=\/wp\/v2\/pages\/46","targetHints":{"allow":["GET"]}}],"collection":[{"href":"https:\/\/richard-neuwirth.at\/index.php?rest_route=\/wp\/v2\/pages"}],"about":[{"href":"https:\/\/richard-neuwirth.at\/index.php?rest_route=\/wp\/v2\/types\/page"}],"author":[{"embeddable":true,"href":"https:\/\/richard-neuwirth.at\/index.php?rest_route=\/wp\/v2\/users\/1"}],"replies":[{"embeddable":true,"href":"https:\/\/richard-neuwirth.at\/index.php?rest_route=%2Fwp%2Fv2%2Fcomments&post=46"}],"version-history":[{"count":4,"href":"https:\/\/richard-neuwirth.at\/index.php?rest_route=\/wp\/v2\/pages\/46\/revisions"}],"predecessor-version":[{"id":64,"href":"https:\/\/richard-neuwirth.at\/index.php?rest_route=\/wp\/v2\/pages\/46\/revisions\/64"}],"wp:attachment":[{"href":"https:\/\/richard-neuwirth.at\/index.php?rest_route=%2Fwp%2Fv2%2Fmedia&parent=46"}],"curies":[{"name":"wp","href":"https:\/\/api.w.org\/{rel}","templated":true}]}}