{"id":53,"date":"2025-05-15T21:02:51","date_gmt":"2025-05-15T21:02:51","guid":{"rendered":"https:\/\/richard-neuwirth.at\/?page_id=53"},"modified":"2025-05-24T07:32:47","modified_gmt":"2025-05-24T07:32:47","slug":"impressum-datenschutz","status":"publish","type":"page","link":"https:\/\/richard-neuwirth.at\/?page_id=53","title":{"rendered":"Impressum &#038; Datenschutz"},"content":{"rendered":"\n<p>Ing. Mag. Richard Neuwirth, BA LL.B. (WU)<\/p>\n\n\n\n<p>Josef Schleussner Stra\u00dfe 8-10\/3\/5, 2340 M\u00f6dling<\/p>\n\n\n\n<p><a href=\"mailto:inbox@richard-neuwirth.at\" data-type=\"mailto\" data-id=\"mailto:inbox@richard-neuwirth.at\">inbox@richard-neuwirth.at <\/a><\/p>\n\n\n\n<p><a href=\"https:\/\/firmen.wko.at\/ing-mag-richard-neuwirth-ba-llb\/nieder%C3%B6sterreich\/?firmaid=45135783-85e4-4141-907b-aa7a165d2af4\" target=\"_blank\" rel=\"noreferrer noopener\">Zu den gesetzlich geforderten Angaben<\/a><\/p>\n\n\n\n<p><strong>Datenschutz<\/strong><\/p>\n\n\n\n<p>Es werden nur f\u00fcr den Betrieb der Website technisch notwendige Cookies (Session ID u.dgl.) gesetzt. Beim Besuch unserer Website wird eine Session ID, Beginn und Ende der Sitzung f\u00fcr die Dauer dieser Sitzung erfasst. Dies ist aus technischen Gr\u00fcnden\u00a0erforderlich und stellt damit ein berechtigtes Interesse i.S.v. Art 6 Abs 1 lit f DSGVO dar. Diese Daten werden von mir nicht weiterverarbeitet.<\/p>\n\n\n\n<p>Ihnen stehen grunds\u00e4tzlich die Rechte auf Auskunft, Berichtigung, L\u00f6schung, Einschr\u00e4nkung, Daten\u00fcbertragbarkeit, Widerruf und Widerspruch zu. Wenn Sie glauben, dass die Verarbeitung Ihrer Daten gegen das Datenschutzrecht verst\u00f6\u00dft oder Ihre datenschutzrechtlichen Anspr\u00fcche sonst in einer Weise verletzt worden sind, k\u00f6nnen Sie sich bei mir melden.<\/p>\n\n\n\n<p>Sie haben das Recht, sich an die Datenschutzbeh\u00f6rde als zust\u00e4ndige Aufsichtsbeh\u00f6rde zu wenden:<\/p>\n\n\n\n<p>\u00d6sterreichische Datenschutzbeh\u00f6rde<br>Barichgasse 40-42<br>1030 Wien<br><a rel=\"noreferrer noopener\" target=\"_blank\" href=\"mailto:dsb@dsb.gv.at\">dsb@dsb.gv.at<\/a><\/p>\n","protected":false},"excerpt":{"rendered":"<p>Ing. Mag. Richard Neuwirth, BA LL.B. (WU) Josef Schleussner Stra\u00dfe 8-10\/3\/5, 2340 M\u00f6dling inbox@richard-neuwirth.at Zu den gesetzlich geforderten Angaben Datenschutz Es werden nur f\u00fcr den Betrieb der Website technisch notwendige&hellip;<a href=\"https:\/\/richard-neuwirth.at\/?page_id=53\" class=\"more-link\"><span class=\"more-button\">Continue reading<span class=\"screen-reader-text\">Impressum &#038; Datenschutz<\/span><\/span><\/a><\/p>\n","protected":false},"author":1,"featured_media":0,"parent":0,"menu_order":0,"comment_status":"closed","ping_status":"closed","template":"","meta":{"footnotes":""},"class_list":["post-53","page","type-page","status-publish","hentry"],"_links":{"self":[{"href":"https:\/\/richard-neuwirth.at\/index.php?rest_route=\/wp\/v2\/pages\/53","targetHints":{"allow":["GET"]}}],"collection":[{"href":"https:\/\/richard-neuwirth.at\/index.php?rest_route=\/wp\/v2\/pages"}],"about":[{"href":"https:\/\/richard-neuwirth.at\/index.php?rest_route=\/wp\/v2\/types\/page"}],"author":[{"embeddable":true,"href":"https:\/\/richard-neuwirth.at\/index.php?rest_route=\/wp\/v2\/users\/1"}],"replies":[{"embeddable":true,"href":"https:\/\/richard-neuwirth.at\/index.php?rest_route=%2Fwp%2Fv2%2Fcomments&post=53"}],"version-history":[{"count":2,"href":"https:\/\/richard-neuwirth.at\/index.php?rest_route=\/wp\/v2\/pages\/53\/revisions"}],"predecessor-version":[{"id":58,"href":"https:\/\/richard-neuwirth.at\/index.php?rest_route=\/wp\/v2\/pages\/53\/revisions\/58"}],"wp:attachment":[{"href":"https:\/\/richard-neuwirth.at\/index.php?rest_route=%2Fwp%2Fv2%2Fmedia&parent=53"}],"curies":[{"name":"wp","href":"https:\/\/api.w.org\/{rel}","templated":true}]}}